{"id":6,"date":"2022-09-05T15:16:25","date_gmt":"2022-09-05T13:16:25","guid":{"rendered":"https:\/\/grandpuyducasse-renaissance.fr\/?page_id=6"},"modified":"2023-09-06T16:00:36","modified_gmt":"2023-09-06T14:00:36","slug":"page-daccueil","status":"publish","type":"page","link":"https:\/\/grandpuyducasse-renaissance.fr\/en\/","title":{"rendered":"Page d&rsquo;accueil"},"content":{"rendered":"<!-- BLOC IMAGE + TITRE + TEXTE -->\n<section id=\"bloc_image_texte_block_6315f905fc51f\" class=\"bloc_image_texte my-4 md:my-24\">\n    <h2 class=\"title md:mb-16\"><span class=\"title\">R\u00e9novation du chai du ch\u00e2teau<\/span><\/h2>    \n            <div class=\"grid gap-8 md:gap-0\">\n                    <div class=\"grid md:grid-cols-2 gap-6 md:gap-0 group\">\n                <div class=\"md:col-start-1 md:pr-4 py-4 group-first:pt-0 group-last:pb-0 md:row-span-full items-center my-auto\">\n                                            <p class=\"font-display text-xl tracking-widest leading-10 p-0\">\n                            Tout commence lorsqu\u2019Arnaud Ducasse fait l\u2019acquisition en 1675 d\u2019une \u00ab modeste \u00bb maison en bordure du fleuve \u00e0 Pauillac ; il ignorait alors qu\u2019elle deviendrait un grand domaine qui resterait dans le giron de sa famille durant pr\u00e8s de trois si\u00e8cles. Pierre Ducasse, avocat passionn\u00e9 de vin, \u00e9tend alors consid\u00e9rablement les terres sur trois paroisses &#8211; Pauillac, Saint-Lambert et Saint-Sauveur &#8211; ainsi que sur trois seigneuries : Lafite, Latour et Beychevelle. En 1820, son fils fait construire la demeure actuelle et y adosse les installations techniques du Ch\u00e2teau face \u00e0 l\u2019Estuaire de la Gironde. Une d\u00e9cision audacieuse \u00e0 l\u2019\u00e9poque qui fait de Grand-Puy Ducasse le seul Ch\u00e2teau vinifiant ses vins \u00e0 cet emplacement depuis 200 ans. En 1855, le domaine int\u00e8gre le prestigieux classement des Grands Crus Class\u00e9s de 1855. Avec ses 40 hectares r\u00e9partis sur 11 types de sols, on peut le consid\u00e9rer comme le vignoble le plus repr\u00e9sentatif de la diversit\u00e9 des terroirs de Pauillac.                        <\/p>\n                                    <\/div>\n            \n                                <div class=\"md:col-start-2 relative md:row-span-full overflow-hidden xl:min-h-[420px]\">\n                    <img width=\"1707\" height=\"2560\" src=\"https:\/\/grandpuyducasse-renaissance.fr\/app\/uploads\/2023\/09\/7.-TRAVAUX-3-scaled.jpg\" class=\"w-full h-full object-cover object-right\" alt=\"\" loading=\"lazy\" srcset=\"https:\/\/grandpuyducasse-renaissance.fr\/app\/uploads\/2023\/09\/7.-TRAVAUX-3-scaled.jpg 1707w, https:\/\/grandpuyducasse-renaissance.fr\/app\/uploads\/2023\/09\/7.-TRAVAUX-3-200x300.jpg 200w, https:\/\/grandpuyducasse-renaissance.fr\/app\/uploads\/2023\/09\/7.-TRAVAUX-3-683x1024.jpg 683w, https:\/\/grandpuyducasse-renaissance.fr\/app\/uploads\/2023\/09\/7.-TRAVAUX-3-768x1152.jpg 768w, https:\/\/grandpuyducasse-renaissance.fr\/app\/uploads\/2023\/09\/7.-TRAVAUX-3-1024x1536.jpg 1024w, https:\/\/grandpuyducasse-renaissance.fr\/app\/uploads\/2023\/09\/7.-TRAVAUX-3-1365x2048.jpg 1365w, https:\/\/grandpuyducasse-renaissance.fr\/app\/uploads\/2023\/09\/7.-TRAVAUX-3-8x12.jpg 8w\" sizes=\"(max-width: 1707px) 100vw, 1707px\" \/>                <\/div>\n                            <\/div>\n                    <div class=\"grid md:grid-cols-2 gap-6 md:gap-0 group\">\n                <div class=\"md:col-start-2 md:pl-4 py-4 group-first:pt-0 group-last:pb-0 md:row-span-full items-center my-auto\">\n                                            <p class=\"font-display text-xl tracking-widest leading-10 p-0\">\n                            Depuis 2004, CA Grands Crus, filiale du groupe Cr\u00e9dit Agricole, s\u2019est lanc\u00e9 dans un plan d\u2019optimisation ambitieux et a entrepris d&rsquo;importants investissements au vignoble afin de le restructurer. L\u2019\u00e9dification prochaine d\u2019un nouveau cuvier et de nouveaux chais marque l&rsquo;entr\u00e9e dans une nouvelle \u00e8re gr\u00e2ce au projet \u00ab\u00a0Renaissance\u00a0\u00bb.<br \/>\r\n\u00ab\u00a0Plongez avec nous au c\u0153ur des travaux de r\u00e9novation de ce chantier unique, et d\u00e9couvrez chaque mois une pi\u00e8ce du puzzle. Ce dernier se r\u00e9v\u00e8lera \u00e0 vous au fil des anecdotes d\u00e9voil\u00e9es jusqu&rsquo;\u00e0 l&rsquo;ouverture des portes de la propri\u00e9t\u00e9 en 2024.\u00a0\u00bb<br \/>\r\n<br \/>\r\nPousser toujours plus loin l\u2019exigence, tel est le credo du Ch\u00e2teau Grand-Puy Ducasse et de son \u00e9quipe, men\u00e9e par Anne Le Naour et Benjamin Cassoulet.                        <\/p>\n                                    <\/div>\n            \n                                <div class=\"md:col-start-1 relative md:row-span-full overflow-hidden xl:min-h-[420px]\">\n                    <img width=\"1709\" height=\"2560\" src=\"https:\/\/grandpuyducasse-renaissance.fr\/app\/uploads\/2022\/09\/Etiquette-Gros-plan-2022-A-scaled.jpg\" class=\"w-full h-full object-cover object-right\" alt=\"\" loading=\"lazy\" srcset=\"https:\/\/grandpuyducasse-renaissance.fr\/app\/uploads\/2022\/09\/Etiquette-Gros-plan-2022-A-scaled.jpg 1709w, https:\/\/grandpuyducasse-renaissance.fr\/app\/uploads\/2022\/09\/Etiquette-Gros-plan-2022-A-200x300.jpg 200w, https:\/\/grandpuyducasse-renaissance.fr\/app\/uploads\/2022\/09\/Etiquette-Gros-plan-2022-A-683x1024.jpg 683w, https:\/\/grandpuyducasse-renaissance.fr\/app\/uploads\/2022\/09\/Etiquette-Gros-plan-2022-A-768x1151.jpg 768w, https:\/\/grandpuyducasse-renaissance.fr\/app\/uploads\/2022\/09\/Etiquette-Gros-plan-2022-A-1025x1536.jpg 1025w, https:\/\/grandpuyducasse-renaissance.fr\/app\/uploads\/2022\/09\/Etiquette-Gros-plan-2022-A-1367x2048.jpg 1367w, https:\/\/grandpuyducasse-renaissance.fr\/app\/uploads\/2022\/09\/Etiquette-Gros-plan-2022-A-8x12.jpg 8w\" sizes=\"(max-width: 1709px) 100vw, 1709px\" \/>                <\/div>\n                            <\/div>\n                <\/div>\n    <\/section>","protected":false},"excerpt":{"rendered":"","protected":false},"author":4,"featured_media":0,"parent":0,"menu_order":0,"comment_status":"closed","ping_status":"closed","template":"","meta":[],"_links":{"self":[{"href":"https:\/\/grandpuyducasse-renaissance.fr\/en\/wp-json\/wp\/v2\/pages\/6"}],"collection":[{"href":"https:\/\/grandpuyducasse-renaissance.fr\/en\/wp-json\/wp\/v2\/pages"}],"about":[{"href":"https:\/\/grandpuyducasse-renaissance.fr\/en\/wp-json\/wp\/v2\/types\/page"}],"author":[{"embeddable":true,"href":"https:\/\/grandpuyducasse-renaissance.fr\/en\/wp-json\/wp\/v2\/users\/4"}],"replies":[{"embeddable":true,"href":"https:\/\/grandpuyducasse-renaissance.fr\/en\/wp-json\/wp\/v2\/comments?post=6"}],"version-history":[{"count":11,"href":"https:\/\/grandpuyducasse-renaissance.fr\/en\/wp-json\/wp\/v2\/pages\/6\/revisions"}],"predecessor-version":[{"id":183,"href":"https:\/\/grandpuyducasse-renaissance.fr\/en\/wp-json\/wp\/v2\/pages\/6\/revisions\/183"}],"wp:attachment":[{"href":"https:\/\/grandpuyducasse-renaissance.fr\/en\/wp-json\/wp\/v2\/media?parent=6"}],"curies":[{"name":"wp","href":"https:\/\/api.w.org\/{rel}","templated":true}]}}